{"id":9,"date":"2021-03-19T20:58:07","date_gmt":"2021-03-19T20:58:07","guid":{"rendered":"http:\/\/511236714.swh.strato-hosting.eu\/STRATO-apps\/wordpress_01\/clone\/?page_id=9"},"modified":"2023-02-09T17:47:05","modified_gmt":"2023-02-09T17:47:05","slug":"ueber-mich","status":"publish","type":"page","link":"https:\/\/www.dani-bpunkt.de\/?page_id=9","title":{"rendered":"\u00dcber mich"},"content":{"rendered":"\n<blockquote class=\"wp-block-quote has-text-align-center has-small-font-size is-layout-flow wp-block-quote-is-layout-flow\">\n<p class=\"has-medium-font-size\">&#8222;Ich mach mir die Welt, wie sie mir gef\u00e4llt.&#8220;<\/p>\n<cite><sub>Pippi Langstrumpf<\/sub><\/cite><\/blockquote>\n\n\n\n<div class=\"wp-block-media-text alignwide has-media-on-the-right is-stacked-on-mobile is-vertically-aligned-top\" style=\"grid-template-columns:auto 47%\"><div class=\"wp-block-media-text__content\">\n<p><br>Ich bin Dani. <br>Daniela nur, wenn ich etwas ausgefressen habe.<br><br>Ich bin Mama zweier Kinder, Ehefrau und aus dem Schwabenland. <br>Das ist eine Tatsache.<br><br>Ich bin ein junger H\u00fcpfer, sagen meine Kinder. Ich bin so alt, wie ich mich f\u00fchle, sagen meine Knochen. <br>Das ist eine Wahrnehmungssache.<br><br>Ich bin liebevoll verr\u00fcckt, freundlich und zuverl\u00e4ssig. <br>Das ist eine Charaktersache.<br><br>Ich bin perfekt unperfekt, kreativ, phantasievoll und offen f\u00fcr Neues. <br>Das ist eine genetische Sache. Denk ich.<br><br>Alles, was ich erstelle, ist eine Herzenssache.<br><br>Herzst\u00fccke. <br>F\u00fcr Herzen.<br>Von Herzen.<br>\ud83e\udd0d<\/p>\n<\/div><figure class=\"wp-block-media-text__media\"><img loading=\"lazy\" decoding=\"async\" width=\"768\" height=\"1024\" src=\"https:\/\/www.dani-bpunkt.de\/wp-content\/uploads\/2023\/01\/20220722_200025-768x1024.jpg\" alt=\"\" class=\"wp-image-123 size-full\" srcset=\"https:\/\/www.dani-bpunkt.de\/wp-content\/uploads\/2023\/01\/20220722_200025-768x1024.jpg 768w, https:\/\/www.dani-bpunkt.de\/wp-content\/uploads\/2023\/01\/20220722_200025-225x300.jpg 225w, https:\/\/www.dani-bpunkt.de\/wp-content\/uploads\/2023\/01\/20220722_200025-1152x1536.jpg 1152w, https:\/\/www.dani-bpunkt.de\/wp-content\/uploads\/2023\/01\/20220722_200025-1536x2048.jpg 1536w, https:\/\/www.dani-bpunkt.de\/wp-content\/uploads\/2023\/01\/20220722_200025-scaled.jpg 1920w\" sizes=\"auto, (max-width: 706px) 89vw, (max-width: 767px) 82vw, 740px\" \/><\/figure><\/div>\n\n\n<div class=\"wp-block-image is-style-default\">\n<figure class=\"aligncenter size-large is-resized\"><img loading=\"lazy\" decoding=\"async\" src=\"https:\/\/www.dani-bpunkt.de\/wp-content\/uploads\/2021\/03\/Logo-DaniB_einzeln_300dpi-1024x341.png\" alt=\"Dani B. Logo gro\u00df\" class=\"wp-image-7\" width=\"481\" height=\"160\" srcset=\"https:\/\/www.dani-bpunkt.de\/wp-content\/uploads\/2021\/03\/Logo-DaniB_einzeln_300dpi-1024x341.png 1024w, https:\/\/www.dani-bpunkt.de\/wp-content\/uploads\/2021\/03\/Logo-DaniB_einzeln_300dpi-300x100.png 300w, https:\/\/www.dani-bpunkt.de\/wp-content\/uploads\/2021\/03\/Logo-DaniB_einzeln_300dpi-768x256.png 768w, https:\/\/www.dani-bpunkt.de\/wp-content\/uploads\/2021\/03\/Logo-DaniB_einzeln_300dpi-1536x512.png 1536w, https:\/\/www.dani-bpunkt.de\/wp-content\/uploads\/2021\/03\/Logo-DaniB_einzeln_300dpi-2048x683.png 2048w, https:\/\/www.dani-bpunkt.de\/wp-content\/uploads\/2021\/03\/Logo-DaniB_einzeln_300dpi-676x225.png 676w\" sizes=\"auto, (max-width: 481px) 100vw, 481px\" \/><\/figure>\n<\/div>","protected":false},"excerpt":{"rendered":"<p>&#8222;Ich mach mir die Welt, wie sie mir gef\u00e4llt.&#8220; Pippi Langstrumpf Ich bin Dani. Daniela nur, wenn ich etwas ausgefressen habe. Ich bin Mama zweier Kinder, Ehefrau und aus dem Schwabenland. Das ist eine Tatsache. Ich bin ein junger H\u00fcpfer, sagen meine Kinder. Ich bin so alt, wie ich mich f\u00fchle, sagen meine Knochen. Das &hellip; <\/p>\n<p class=\"link-more\"><a href=\"https:\/\/www.dani-bpunkt.de\/?page_id=9\" class=\"more-link\"><span class=\"screen-reader-text\">\u201e\u00dcber mich\u201c <\/span>weiterlesen<\/a><\/p>\n","protected":false},"author":1,"featured_media":0,"parent":0,"menu_order":0,"comment_status":"closed","ping_status":"closed","template":"","meta":{"footnotes":""},"class_list":["post-9","page","type-page","status-publish","hentry"],"_links":{"self":[{"href":"https:\/\/www.dani-bpunkt.de\/index.php?rest_route=\/wp\/v2\/pages\/9","targetHints":{"allow":["GET"]}}],"collection":[{"href":"https:\/\/www.dani-bpunkt.de\/index.php?rest_route=\/wp\/v2\/pages"}],"about":[{"href":"https:\/\/www.dani-bpunkt.de\/index.php?rest_route=\/wp\/v2\/types\/page"}],"author":[{"embeddable":true,"href":"https:\/\/www.dani-bpunkt.de\/index.php?rest_route=\/wp\/v2\/users\/1"}],"replies":[{"embeddable":true,"href":"https:\/\/www.dani-bpunkt.de\/index.php?rest_route=%2Fwp%2Fv2%2Fcomments&post=9"}],"version-history":[{"count":27,"href":"https:\/\/www.dani-bpunkt.de\/index.php?rest_route=\/wp\/v2\/pages\/9\/revisions"}],"predecessor-version":[{"id":394,"href":"https:\/\/www.dani-bpunkt.de\/index.php?rest_route=\/wp\/v2\/pages\/9\/revisions\/394"}],"wp:attachment":[{"href":"https:\/\/www.dani-bpunkt.de\/index.php?rest_route=%2Fwp%2Fv2%2Fmedia&parent=9"}],"curies":[{"name":"wp","href":"https:\/\/api.w.org\/{rel}","templated":true}]}}