{"id":91,"date":"2023-01-19T18:53:10","date_gmt":"2023-01-19T18:53:10","guid":{"rendered":"http:\/\/www.dani-bpunkt.de\/?page_id=91"},"modified":"2024-01-28T09:25:17","modified_gmt":"2024-01-28T09:25:17","slug":"herzstuecke","status":"publish","type":"page","link":"https:\/\/www.dani-bpunkt.de\/","title":{"rendered":"N\u00e4harbeiten"},"content":{"rendered":"\n<p><\/p>\n\n\n\n<blockquote class=\"wp-block-quote has-text-align-center has-small-font-size is-layout-flow wp-block-quote-is-layout-flow\">\n<p class=\"has-text-align-center has-medium-font-size\">&#8222;Creativity is inventing.<br>Experimenting. <br>Growing.<br>Taking risks. <br>Breaking rules.<br>Making mistakes.<br>And having fun.&#8220; <\/p>\n<cite><sup>Mary Lou Cook<\/sup><\/cite><\/blockquote>\n\n\n\n<p><\/p>\n\n\n\n<pre class=\"wp-block-preformatted\">Hallo auf meiner Homepage und sch\u00f6n, dass du her gefunden hast! \nDas freut mich sehr! \nDu findest hier eine Auswahl an kreativen Einzelst\u00fccken \n                          - <strong>Herzst\u00fccken<\/strong> - \ndie ich aus meinem Kreativk\u00f6pfchen heraus in meinem Kreativkellerchen mit meinen Kreativfingerchen von Herzen f\u00fcr Herzen hergestellt habe. \nFalls du etwas erwerben m\u00f6chtest, dann darfst du gerne in meinem Etsyshop ein wenig St\u00f6bern.\n\n<a href=\"http:\/\/www.etsy.com\/de\/shop\/DaniBPunkt\">Etsyshop<\/a>\n\nFalls du mit mir in Kontakt treten m\u00f6chtest, (An-)Fragen hast oder mir R\u00fcckmeldung geben m\u00f6chtest, z\u00f6gere nicht mir zu schreiben. \nIch bei\u00df auch nicht ;)\n\n<a href=\"mailto:info@dani-bpunkt.de\">Email<\/a>   oder   <a href=\"https:\/\/www.instagram.com\/danib_punkt\/?hl=de\">Instagram<\/a>\n\nUnd wenn du erst ein Gesicht zur Homepage brauchst, dann geh am besten gleich zum Men\u00fcpunkt <a href=\"https:\/\/www.dani-bpunkt.de\/?page_id=9\">\"\u00dcber mich\"<\/a>. \n\n\nIch w\u00fcnsche dir viel Spa\u00df hier beim St\u00f6bern und Schauen. \nVon Herzen. Dani B. <\/pre>\n","protected":false},"excerpt":{"rendered":"<p>&#8222;Creativity is inventing.Experimenting. Growing.Taking risks. Breaking rules.Making mistakes.And having fun.&#8220; Mary Lou Cook Hallo auf meiner Homepage und sch\u00f6n, dass du her gefunden hast! Das freut mich sehr! Du findest hier eine Auswahl an kreativen Einzelst\u00fccken &#8211; Herzst\u00fccken &#8211; die ich aus meinem Kreativk\u00f6pfchen heraus in meinem Kreativkellerchen mit meinen Kreativfingerchen von Herzen f\u00fcr Herzen &hellip; <\/p>\n<p class=\"link-more\"><a href=\"https:\/\/www.dani-bpunkt.de\/\" class=\"more-link\"><span class=\"screen-reader-text\">\u201eN\u00e4harbeiten\u201c <\/span>weiterlesen<\/a><\/p>\n","protected":false},"author":2,"featured_media":0,"parent":0,"menu_order":0,"comment_status":"closed","ping_status":"closed","template":"","meta":{"footnotes":""},"class_list":["post-91","page","type-page","status-publish","hentry"],"_links":{"self":[{"href":"https:\/\/www.dani-bpunkt.de\/index.php?rest_route=\/wp\/v2\/pages\/91","targetHints":{"allow":["GET"]}}],"collection":[{"href":"https:\/\/www.dani-bpunkt.de\/index.php?rest_route=\/wp\/v2\/pages"}],"about":[{"href":"https:\/\/www.dani-bpunkt.de\/index.php?rest_route=\/wp\/v2\/types\/page"}],"author":[{"embeddable":true,"href":"https:\/\/www.dani-bpunkt.de\/index.php?rest_route=\/wp\/v2\/users\/2"}],"replies":[{"embeddable":true,"href":"https:\/\/www.dani-bpunkt.de\/index.php?rest_route=%2Fwp%2Fv2%2Fcomments&post=91"}],"version-history":[{"count":21,"href":"https:\/\/www.dani-bpunkt.de\/index.php?rest_route=\/wp\/v2\/pages\/91\/revisions"}],"predecessor-version":[{"id":720,"href":"https:\/\/www.dani-bpunkt.de\/index.php?rest_route=\/wp\/v2\/pages\/91\/revisions\/720"}],"wp:attachment":[{"href":"https:\/\/www.dani-bpunkt.de\/index.php?rest_route=%2Fwp%2Fv2%2Fmedia&parent=91"}],"curies":[{"name":"wp","href":"https:\/\/api.w.org\/{rel}","templated":true}]}}